{"id":598,"date":"2024-02-09T12:59:20","date_gmt":"2024-02-09T12:59:20","guid":{"rendered":"https:\/\/steffge-web.de\/?page_id=598"},"modified":"2025-06-21T10:56:10","modified_gmt":"2025-06-21T10:56:10","slug":"ueber-uns","status":"publish","type":"page","link":"https:\/\/steffge-web.de\/?page_id=598","title":{"rendered":"\u00dcber uns"},"content":{"rendered":"\n<h2 class=\"wp-block-heading has-text-align-left has-large-font-size\">Nicht nur eine Reise: &#8222;Helfen, da sein, machen&#8220;<\/h2>\n\n\n\n<p class=\"has-medium-font-size\"><\/p>\n\n\n\n<p class=\"has-text-align-left has-medium-font-size\">Wir, Steffen und Sandra, tragen schon lange den Wunsch in uns, eine Reise mit einem sozialen Projekt zu verbinden. Nun haben wir die M\u00f6glichkeit: reisen, erleben, genie\u00dfen und helfen, da sein, machen.<\/p>\n\n\n\n<p class=\"has-text-align-left has-medium-font-size\">W\u00e4hrend des Charit\u00e9-Empfangs anl\u00e4sslich des 7. Geburtstages der &#8222;We Love Football Academy&#8220; am 22. Mai 2023 in Bielefeld, auf der unser Freund Christian Alder sein Creative Sport Centre &#8222;We Love Football Academy&#8220; vorgestellt hat, war uns sofort klar, dass wir dort helfen m\u00f6chten.<\/p>\n\n\n\n<p class=\"has-text-align-left has-medium-font-size\">Wir starteten in unserem Freundeskreis Spendenaufrufe f\u00fcr die Finanzierung von Auszeiten f\u00fcr M\u00fctter und ihre Kinder aus den Townships in Kapstadt. Es sind bis jetzt 4.728 \u20ac zusammengekommen, die wir bereits an das Creative Sport Centre weitergeleitet haben. Ganz herzlichen Dank nochmal daf\u00fcr an alle die unterst\u00fctzt und gespendet haben. Wir wissen das sehr zu sch\u00e4tzen.<\/p>\n\n\n\n<p class=\"has-text-align-left has-medium-font-size\">Auch \u00fcber weitere Spenden freuen wir uns, denn wir unterst\u00fctzen das Projekt auch in der Zukunft und garantieren, dass das Geld auch wirklich beim Creative Sports Centre &#8222;We Love Football Academy&#8220; ankommt. Spendeninfos findest du <a href=\"http:\/\/steffge-Web.de\/WLFA\" data-type=\"link\" data-id=\"steffge-Web.de\/WLFA\">hier<\/a>.<\/p>\n\n\n\n<div class=\"wp-block-buttons is-layout-flex wp-block-buttons-is-layout-flex\">\n<div class=\"wp-block-button is-style-outline is-style-outline--1\"><a class=\"wp-block-button__link wp-element-button\" href=\"http:\/\/steffge-web.de\/WLFA\" target=\"_blank\" rel=\"noreferrer noopener\">Hier kannst du helfen<\/a><\/div>\n<\/div>\n\n\n\n<p class=\"has-text-align-left has-medium-font-size\">Am 29. Februar 2024 geht es nun endlich los. <\/p>\n\n\n\n<p class=\"has-text-align-left has-medium-font-size\">Geplant sind zwei Tage Spa\u00df und Fu\u00dfball mit den Kindern der &#8222;We Love Football Academy&#8220; und je zwei Mal drei Tage Auszeit mit M\u00fcttern und ihren Kindern in einer Lodge in Sutherland. Dieses Projekt, sowie viele Weitere werden von dieser Organisation  unterst\u00fctzt. <\/p>\n\n\n\n<p class=\"has-text-align-left has-medium-font-size\">Wir freuen uns sehr und berichten von unseren Erlebnissen und Eindr\u00fccken <a href=\"https:\/\/steffge-web.de\/\" data-type=\"link\" data-id=\"https:\/\/steffge-web.de\/\">hier im Blog<\/a>. Sch\u00f6n, dass du dabei bist.<\/p>\n\n\n\n<p class=\"has-text-align-left has-medium-font-size\">Bis bald und herzliche Gr\u00fc\u00dfe<br>Sandra und Steffen<\/p>\n\n\n\n<figure class=\"wp-block-image size-large is-resized is-style-default\"><img loading=\"lazy\" decoding=\"async\" width=\"994\" height=\"1024\" src=\"https:\/\/steffge-web.de\/wp-content\/uploads\/2024\/02\/SundS-Portrait-994x1024.jpg\" alt=\"\" class=\"wp-image-695\" style=\"width:261px;height:auto\" srcset=\"https:\/\/steffge-web.de\/wp-content\/uploads\/2024\/02\/SundS-Portrait-994x1024.jpg 994w, https:\/\/steffge-web.de\/wp-content\/uploads\/2024\/02\/SundS-Portrait-291x300.jpg 291w, https:\/\/steffge-web.de\/wp-content\/uploads\/2024\/02\/SundS-Portrait-768x791.jpg 768w, https:\/\/steffge-web.de\/wp-content\/uploads\/2024\/02\/SundS-Portrait.jpg 1440w\" sizes=\"auto, (max-width: 994px) 100vw, 994px\" \/><\/figure>\n","protected":false},"excerpt":{"rendered":"<p class=\"text-justify\">Nicht nur eine Reise: &#8222;Helfen, da sein, machen&#8220; Wir, Steffen und Sandra, tragen schon lange den Wunsch in uns, eine Reise mit [&hellip;]<\/p>\n","protected":false},"author":1,"featured_media":0,"parent":0,"menu_order":0,"comment_status":"closed","ping_status":"closed","template":"","meta":{"pgc_sgb_lightbox_settings":"","jetpack_post_was_ever_published":false,"footnotes":""},"class_list":["post-598","page","type-page","status-publish","hentry"],"jetpack_sharing_enabled":true,"_links":{"self":[{"href":"https:\/\/steffge-web.de\/index.php?rest_route=\/wp\/v2\/pages\/598","targetHints":{"allow":["GET"]}}],"collection":[{"href":"https:\/\/steffge-web.de\/index.php?rest_route=\/wp\/v2\/pages"}],"about":[{"href":"https:\/\/steffge-web.de\/index.php?rest_route=\/wp\/v2\/types\/page"}],"author":[{"embeddable":true,"href":"https:\/\/steffge-web.de\/index.php?rest_route=\/wp\/v2\/users\/1"}],"replies":[{"embeddable":true,"href":"https:\/\/steffge-web.de\/index.php?rest_route=%2Fwp%2Fv2%2Fcomments&post=598"}],"version-history":[{"count":25,"href":"https:\/\/steffge-web.de\/index.php?rest_route=\/wp\/v2\/pages\/598\/revisions"}],"predecessor-version":[{"id":1562,"href":"https:\/\/steffge-web.de\/index.php?rest_route=\/wp\/v2\/pages\/598\/revisions\/1562"}],"wp:attachment":[{"href":"https:\/\/steffge-web.de\/index.php?rest_route=%2Fwp%2Fv2%2Fmedia&parent=598"}],"curies":[{"name":"wp","href":"https:\/\/api.w.org\/{rel}","templated":true}]}}